{"id":131,"date":"2021-05-21T22:29:37","date_gmt":"2021-05-21T19:29:37","guid":{"rendered":"https:\/\/v4pro.oa.edu.ua\/?page_id=131"},"modified":"2021-11-22T23:23:54","modified_gmt":"2021-11-22T21:23:54","slug":"workshop-in-rivne","status":"publish","type":"page","link":"https:\/\/v4pro.oa.edu.ua\/uk\/events\/workshop-in-rivne\/","title":{"rendered":"Workshop in Rivne"},"content":{"rendered":"<p><img loading=\"lazy\" decoding=\"async\" class=\"alignleft wp-image-273\" src=\"https:\/\/v4pro.oa.edu.ua\/wp-content\/uploads\/2021\/11\/Rivne_plakat-212x300.jpg\" alt=\"\" width=\"300\" height=\"425\" srcset=\"https:\/\/v4pro.oa.edu.ua\/wp-content\/uploads\/2021\/11\/Rivne_plakat-212x300.jpg 212w, https:\/\/v4pro.oa.edu.ua\/wp-content\/uploads\/2021\/11\/Rivne_plakat-723x1024.jpg 723w, https:\/\/v4pro.oa.edu.ua\/wp-content\/uploads\/2021\/11\/Rivne_plakat-768x1088.jpg 768w, https:\/\/v4pro.oa.edu.ua\/wp-content\/uploads\/2021\/11\/Rivne_plakat-1084x1536.jpg 1084w, https:\/\/v4pro.oa.edu.ua\/wp-content\/uploads\/2021\/11\/Rivne_plakat-1446x2048.jpg 1446w, https:\/\/v4pro.oa.edu.ua\/wp-content\/uploads\/2021\/11\/Rivne_plakat-8x12.jpg 8w, https:\/\/v4pro.oa.edu.ua\/wp-content\/uploads\/2021\/11\/Rivne_plakat.jpg 1748w\" sizes=\"auto, (max-width: 300px) 100vw, 300px\" \/>27\/10\/2021 &#8211; 29\/10\/2021 <strong>Workshop in Rivne &#8220;Creative Cluster and Culture Industries: Visegrad Group Experience&#8221;<\/strong> (Ukraine, Rivne)<\/p>\n<p>The workshop in Rivne will be dedicated to the development of the city&#8217;s creative cluster and cultural industries. The experience of Zlin will be presented to Ukrainian participants. In Zlin, the cooperation of the university with the city led to the creation of the Zlin Creative Cluster. At the same time, the creative cluster has an impact not only on the development of the city or university but also on the whole region. Zl\u00edn Creative Cluster is set up as a voluntary association of organizations and individuals who are engaged in activities in the audiovisual field, design, architecture, and advertising, or they have to these activities important interests in common. The objective of the cluster is primarily: support for creative work in strengthening competitive advantages and image Zlin region based on smart specialization in creative industries based on a long tradition of audiovisual arts, design, architecture, and advertising in the Zl\u00edn Region. Experts from Tomas Bata University in Zl\u00edn (Jitka Alexov\u00e1 and Eva Gartnerov\u00e1) and Zlin Creative Cluster (Petr Dubovsk\u00fd and Nikola Timkovi\u010dov\u00e1) will share their experience in working with city and regional authorities to create and develop a creative cluster. Another topic of the workshop in Rivne is the impact of the university on the development of the region. Experts from Matej Bel University &#8211; Katar\u00edna Vit\u00e1li\u0161ov\u00e1 and Anna Va\u0148ov\u00e1 &#8211; will share their experience in the areas of cooperation between the university and the region. Each expert will conduct 4 hours of classes &#8211; two hours of presentations and two hours of consultations and discussions with Ukrainian project participants. Each expert will conduct 4 hours of classes &#8211; two hours of presentations and two hours of consultations and discussions with Ukrainian project participants.<\/p>\n<p><strong><a href=\"https:\/\/v4pro.oa.edu.ua\/wp-content\/uploads\/2021\/11\/Workshop-in-Rivne.pdf\">See program&#8230;<\/a><\/strong><\/p>","protected":false},"excerpt":{"rendered":"<p>27\/10\/2021 &#8211; 29\/10\/2021 Workshop in Rivne &#8220;Creative Cluster and Culture Industries: Visegrad Group Experience&#8221; (Ukraine, Rivne) The workshop in Rivne will be dedicated to the development of the city&#8217;s creative&#8230;<\/p>","protected":false},"author":1,"featured_media":0,"parent":57,"menu_order":0,"comment_status":"closed","ping_status":"closed","template":"","meta":{"footnotes":""},"class_list":["post-131","page","type-page","status-publish","hentry"],"_links":{"self":[{"href":"https:\/\/v4pro.oa.edu.ua\/uk\/wp-json\/wp\/v2\/pages\/131","targetHints":{"allow":["GET"]}}],"collection":[{"href":"https:\/\/v4pro.oa.edu.ua\/uk\/wp-json\/wp\/v2\/pages"}],"about":[{"href":"https:\/\/v4pro.oa.edu.ua\/uk\/wp-json\/wp\/v2\/types\/page"}],"author":[{"embeddable":true,"href":"https:\/\/v4pro.oa.edu.ua\/uk\/wp-json\/wp\/v2\/users\/1"}],"replies":[{"embeddable":true,"href":"https:\/\/v4pro.oa.edu.ua\/uk\/wp-json\/wp\/v2\/comments?post=131"}],"version-history":[{"count":4,"href":"https:\/\/v4pro.oa.edu.ua\/uk\/wp-json\/wp\/v2\/pages\/131\/revisions"}],"predecessor-version":[{"id":281,"href":"https:\/\/v4pro.oa.edu.ua\/uk\/wp-json\/wp\/v2\/pages\/131\/revisions\/281"}],"up":[{"embeddable":true,"href":"https:\/\/v4pro.oa.edu.ua\/uk\/wp-json\/wp\/v2\/pages\/57"}],"wp:attachment":[{"href":"https:\/\/v4pro.oa.edu.ua\/uk\/wp-json\/wp\/v2\/media?parent=131"}],"curies":[{"name":"wp","href":"https:\/\/api.w.org\/{rel}","templated":true}]}}