{"id":55,"date":"2021-05-19T14:46:17","date_gmt":"2021-05-19T11:46:17","guid":{"rendered":"https:\/\/v4pro.oa.edu.ua\/?page_id=55"},"modified":"2021-11-24T12:30:33","modified_gmt":"2021-11-24T10:30:33","slug":"partners","status":"publish","type":"page","link":"https:\/\/v4pro.oa.edu.ua\/uk\/partners\/","title":{"rendered":"\u041f\u0430\u0440\u0442\u043d\u0435\u0440\u0438"},"content":{"rendered":"<p><img loading=\"lazy\" decoding=\"async\" class=\"alignnone wp-image-145 size-large\" src=\"https:\/\/v4pro.oa.edu.ua\/wp-content\/uploads\/2021\/05\/map4-1024x472.jpg\" alt=\"\" width=\"740\" height=\"341\" srcset=\"https:\/\/v4pro.oa.edu.ua\/wp-content\/uploads\/2021\/05\/map4-1024x472.jpg 1024w, https:\/\/v4pro.oa.edu.ua\/wp-content\/uploads\/2021\/05\/map4-300x138.jpg 300w, https:\/\/v4pro.oa.edu.ua\/wp-content\/uploads\/2021\/05\/map4-768x354.jpg 768w, https:\/\/v4pro.oa.edu.ua\/wp-content\/uploads\/2021\/05\/map4-1536x709.jpg 1536w, https:\/\/v4pro.oa.edu.ua\/wp-content\/uploads\/2021\/05\/map4-16x7.jpg 16w, https:\/\/v4pro.oa.edu.ua\/wp-content\/uploads\/2021\/05\/map4.jpg 1628w\" sizes=\"auto, (max-width: 740px) 100vw, 740px\" \/><\/p>\r\n<p><strong>The National University of Ostroh academy<\/strong><br \/><a href=\"https:\/\/www.oa.edu.ua\">https:\/\/www.oa.edu.ua<\/a><\/p>\r\n<p><strong>Ostroh City Council<\/strong><br \/><a href=\"https:\/\/www.ostroh.rv.ua\">https:\/\/www.ostroh.rv.ua<\/a><\/p>\r\n<p><strong>Lesya Ukrainka Volyn National University<\/strong><br \/><a href=\"https:\/\/vnu.edu.ua\/uk\">https:\/\/vnu.edu.ua\/uk<\/a><\/p>\r\n<p><strong>Lutsk City Council<\/strong><br \/><a href=\"https:\/\/www.lutskrada.gov.ua\/en\">https:\/\/www.lutskrada.gov.ua\/en<\/a><\/p>\r\n<p><strong>National University of Water and Environmental Engineering<\/strong><br \/><a href=\"https:\/\/nuwm.edu.ua\">https:\/\/nuwm.edu.ua<\/a><\/p>\r\n<p><strong>Rivne City Council<\/strong><br \/><a href=\"http:\/\/rivnerada.gov.ua\">http:\/\/rivnerada.gov.ua<\/a><\/p>\r\n<p><strong>University of Security Management in Ko\u0161ice<\/strong><br \/><a href=\"https:\/\/www.vsbm.sk\">https:\/\/www.vsbm.sk<\/a><\/p>\r\n<p><strong>The John Paul II Catholic University of Lublin<\/strong><br \/><a href=\"https:\/\/www.kul.pl\">https:\/\/www.kul.pl<\/a><\/p>\r\n<p><strong>Lublin Commune (Municipality of Lublin)<\/strong><br \/><a href=\"https:\/\/lublin.eu\">https:\/\/lublin.eu<\/a><\/p>\r\n<p><strong>Matej Bel University in Bansk\u00e1 Bystrica<\/strong><br \/><a href=\"https:\/\/www.umb.sk\">https:\/\/www.umb.sk<\/a><\/p>\r\n<p><strong>Tomas Bata University in Zlin, Faculty of Multimedia Communications<\/strong><br \/><a href=\"https:\/\/fmk.utb.cz\">https:\/\/fmk.utb.cz<\/a><\/p>\r\n<p><strong>Zlin Creative Cluster<\/strong><br \/><a href=\"http:\/\/kreativnizlin.cz\">http:\/\/kreativnizlin.cz<\/a><\/p>\r\n<p><strong>Volyn Business School of the National University of Ostroh Academy Liability Company<\/strong><br \/><a href=\"https:\/\/vbs.oa.edu.ua\">https:\/\/vbs.oa.edu.ua<\/a><\/p>\r\n<p><strong>Jan Evangelista Purkyn\u011b University in \u00dast\u00ed nad Labem<\/strong><br \/><a href=\"https:\/\/www.ujep.cz\">https:\/\/www.ujep.cz<\/a><\/p>\r\n<p>&nbsp;<\/p>\r\n\r\n<div class=\"wp-block-columns is-layout-flex wp-container-core-columns-is-layout-28f84493 wp-block-columns-is-layout-flex\">\u00a0<\/div>\r\n\r\n\r\n\r\n<p>&nbsp;<\/p>\r\n\r\n\r\n\r\n<p>&nbsp;<\/p>","protected":false},"excerpt":{"rendered":"<p>The National University of Ostroh academyhttps:\/\/www.oa.edu.ua Ostroh City Councilhttps:\/\/www.ostroh.rv.ua Lesya Ukrainka Volyn National Universityhttps:\/\/vnu.edu.ua\/uk Lutsk City Councilhttps:\/\/www.lutskrada.gov.ua\/en National University of Water and Environmental Engineeringhttps:\/\/nuwm.edu.ua Rivne City Councilhttp:\/\/rivnerada.gov.ua University of Security&#8230;<\/p>","protected":false},"author":1,"featured_media":0,"parent":0,"menu_order":0,"comment_status":"closed","ping_status":"closed","template":"","meta":{"footnotes":""},"class_list":["post-55","page","type-page","status-publish","hentry"],"_links":{"self":[{"href":"https:\/\/v4pro.oa.edu.ua\/uk\/wp-json\/wp\/v2\/pages\/55","targetHints":{"allow":["GET"]}}],"collection":[{"href":"https:\/\/v4pro.oa.edu.ua\/uk\/wp-json\/wp\/v2\/pages"}],"about":[{"href":"https:\/\/v4pro.oa.edu.ua\/uk\/wp-json\/wp\/v2\/types\/page"}],"author":[{"embeddable":true,"href":"https:\/\/v4pro.oa.edu.ua\/uk\/wp-json\/wp\/v2\/users\/1"}],"replies":[{"embeddable":true,"href":"https:\/\/v4pro.oa.edu.ua\/uk\/wp-json\/wp\/v2\/comments?post=55"}],"version-history":[{"count":12,"href":"https:\/\/v4pro.oa.edu.ua\/uk\/wp-json\/wp\/v2\/pages\/55\/revisions"}],"predecessor-version":[{"id":327,"href":"https:\/\/v4pro.oa.edu.ua\/uk\/wp-json\/wp\/v2\/pages\/55\/revisions\/327"}],"wp:attachment":[{"href":"https:\/\/v4pro.oa.edu.ua\/uk\/wp-json\/wp\/v2\/media?parent=55"}],"curies":[{"name":"wp","href":"https:\/\/api.w.org\/{rel}","templated":true}]}}